{"id":198,"date":"2024-10-07T14:37:12","date_gmt":"2024-10-07T12:37:12","guid":{"rendered":"http:\/\/mash-4077.de\/?page_id=198"},"modified":"2024-10-07T14:39:02","modified_gmt":"2024-10-07T12:39:02","slug":"koreakrieg","status":"publish","type":"page","link":"https:\/\/mash-4077.de\/index.php\/koreakrieg\/","title":{"rendered":"Koreakrieg"},"content":{"rendered":"<div class=\"\" style=\"\" >\n    \n    <section class=\"u-align-center u-clearfix u-container-align-center u-custom-color-4 u-section-2\" id=\"sec-367c\">\n      <div class=\"u-clearfix u-sheet u-valign-middle u-sheet-1\">\n        <h3 class=\"u-align-center u-text u-text-default u-text-1\">Der Weg in den Krieg<\/h3>\n      <\/div>\n    <\/section>\n    <section class=\"u-align-left u-clearfix u-custom-color-4 u-section-3\" id=\"sec-ca6f\">\n      <div class=\"u-clearfix u-sheet u-sheet-1\">\n        <div class=\"fr-view u-align-left u-clearfix u-rich-text u-text u-text-1\">\n          <p id=\"isPasted\">Jeder hat von dem Koreakrieg geh\u00f6rt, doch was war der Ausl\u00f6ser f\u00fcr diesen Konflikt?<\/p>\n          <p>\n            <br>\n          <\/p>\n          <p>\n            <br>\n          <\/p>\n          <p>Korea wurde 1910 von Japan erobert und besetzt. In Folge Japans Niederlage wurde das Land in zwei Besatzungszonen aufgeteilt. Die n\u00f6rdliche Zone wurde von der Sowjetunion verwaltet und die s\u00fcdliche von den USA.<\/p>\n          <p>Die einhellige Meinung \u00fcber den Ausl\u00f6ser des Krieges ist die, das im Norden der Kommunismus und im S\u00fcden Demokratie etabliert wurde und der Norden den S\u00fcden 1950 \u00fcberfallen hat. Das ist aber so nicht haltbar.<\/p>\n          <p>In der Tat war es so, das sich schon w\u00e4hrend des Krieges auf der Konferenz von Jalta der Beschluss gefasst wurde, das Gebiet in zwei Regionen aufzuteilen und dann nach Entjapanisierung zusammenzuf\u00fchren und unter einer demokratisch gew\u00e4hlten Regierung zu stellen.<\/p>\n          <p>Die Entscheidung Korea nicht einfach zu befreien und sich selbst finden zu lassen war auf Bestreben von Gro\u00dfbritannien gefasst worden. Die Angst war gro\u00df, das die japanisch besetzten britischen Kolonien auch nach Freiheit streben w\u00fcrden.<\/p>\n          <p>Die Teilung des Landes erfolgte am 38. Breitengrad und sp\u00e4ter erfolgten die ersten Gespr\u00e4che \u00fcber die Zusammenlegung des Landes. Leider hat man wichtige Details auf Jalta ausgespart und die Sowjetunion und die USA konnten sich nicht einigen, wie ein gemeinsames Korea auszusehen hat.<\/p>\n          <p>In dieser Zeit bauten nat\u00fcrlich die Besatzer eine Verwaltung und Organisation in ihren Landesteilen auf. Gerade die Sowjetunion unterst\u00fctze den Norden wirtschaftlich sehr stark, st\u00e4rker als den Hilfen die dem S\u00fcden zu gute kamen. Es wurde die Kommunisitsche Partei gegr\u00fcndet und der Partisan Kim-Il-Sung als Vorsitzender eingesetzt. Da der Norden rohstoffreich ist, war der Aufschwung stark und \u00fcberall zu sehen.<\/p>\n          <p>Im S\u00fcden wurde der stark rechte Exil-Pr\u00e4sident Rhee Syng-Man unterst\u00fctzt und das Milit\u00e4r wieder neu aufgebaut. Da es hier weniger Rohstoffe gab, musste man sich auf Import und Landwirtschaft konzentrieren. &nbsp;1947 \u00fcbernahm die UNO das Projekt Wiedervereinigung und setzten Wahlen an. Da die Sowjetunion sich verweigerte, konnten die Wahlen nur im S\u00fcden durchgef\u00fchrt werden.\u2028Gewinner der Wahr der Pr\u00e4sident der Exil-Regierung Rhee Syng-Man. Rhee Syng-Mang geh\u00f6rte schon 1910 der Regierung an und wurde von den Japanern abgesetzt.\u2028\u2028Die Wahl wurde international aufgrund von Unregelm\u00e4\u00dfigkeiten kritisiert, sogar von Wahlbetrug war die Rede. Blutige Proteste und Demonstrationen waren an der Tagesordnung. Es wurde bekannt, das es auch vom Norden eingesetzte Protestler gab und es kam sogar zu kleinern K\u00e4mpfen an dem 38. Breitengrad. Trotzdem wurde eine Regierung unter Rhee Syn-Man gebildet. Dieser rief am 15. August 1948 die Republik Korea aus. Im folgenden Monat, am 9. September wurde im Norden reagiert, die Demokratische Volksrepublik Korea unter Kim Il-Sung ausgerufen. Beide M\u00e4nner k\u00f6nnen nach modernen Ma\u00dfst\u00e4ben als Diktatoren gelten.<\/p>\n          <p>Die regul\u00e4ren amerikanischen Truppen r\u00fcckten bis Ende des Jahres 1948 ab und Rhee Syng-Mans Regierung verk\u00fcndete, die Einheit Koreas werde nach ihrem Ma\u00dfst\u00e4ben durchgesetzt, auch im Falle des Widerstandes mit Waffengewalt.<\/p>\n          <h2 style=\"text-align: left;\">\n            <br>\n          <\/h2>\n        <\/div>\n      <\/div>\n    <\/section>\n    \n    \n    \n    \n  \n<\/div>","protected":false},"excerpt":{"rendered":"<p>Der Weg in den Krieg Jeder hat von dem Koreakrieg geh\u00f6rt, doch was war der Ausl\u00f6ser f\u00fcr diesen Konflikt? Korea wurde 1910 von Japan erobert und besetzt. In Folge Japans Niederlage wurde das Land in zwei Besatzungszonen aufgeteilt. Die n\u00f6rdliche Zone wurde von der Sowjetunion verwaltet und die s\u00fcdliche von den USA. Die einhellige Meinung [&hellip;]<\/p>\n","protected":false},"author":1,"featured_media":0,"parent":0,"menu_order":0,"comment_status":"closed","ping_status":"closed","template":"","meta":{"footnotes":""},"class_list":["post-198","page","type-page","status-publish","hentry"],"_links":{"self":[{"href":"https:\/\/mash-4077.de\/index.php\/wp-json\/wp\/v2\/pages\/198","targetHints":{"allow":["GET"]}}],"collection":[{"href":"https:\/\/mash-4077.de\/index.php\/wp-json\/wp\/v2\/pages"}],"about":[{"href":"https:\/\/mash-4077.de\/index.php\/wp-json\/wp\/v2\/types\/page"}],"author":[{"embeddable":true,"href":"https:\/\/mash-4077.de\/index.php\/wp-json\/wp\/v2\/users\/1"}],"replies":[{"embeddable":true,"href":"https:\/\/mash-4077.de\/index.php\/wp-json\/wp\/v2\/comments?post=198"}],"version-history":[{"count":2,"href":"https:\/\/mash-4077.de\/index.php\/wp-json\/wp\/v2\/pages\/198\/revisions"}],"predecessor-version":[{"id":200,"href":"https:\/\/mash-4077.de\/index.php\/wp-json\/wp\/v2\/pages\/198\/revisions\/200"}],"wp:attachment":[{"href":"https:\/\/mash-4077.de\/index.php\/wp-json\/wp\/v2\/media?parent=198"}],"curies":[{"name":"wp","href":"https:\/\/api.w.org\/{rel}","templated":true}]}}