{"id":187,"date":"2024-10-07T13:22:03","date_gmt":"2024-10-07T11:22:03","guid":{"rendered":"http:\/\/mash-4077.de\/?page_id=187"},"modified":"2024-10-09T15:39:35","modified_gmt":"2024-10-09T13:39:35","slug":"geschichte","status":"publish","type":"page","link":"https:\/\/mash-4077.de\/index.php\/geschichte\/","title":{"rendered":"M*A*S*H: die Geschichte"},"content":{"rendered":"<div class=\"\" style=\"\" >\n    \n    <section class=\"u-align-center u-clearfix u-container-align-center u-custom-color-4 u-section-2\" id=\"sec-367c\">\n      <div class=\"u-clearfix u-sheet u-sheet-1\">\n        <h3 class=\"u-align-center u-text u-text-default u-text-1\">Die Entsehung der Serie<\/h3>\n      <\/div>\n    <\/section>\n    <section class=\"u-align-left u-clearfix u-custom-color-4 u-section-3\" id=\"sec-ca6f\">\n      <div class=\"u-clearfix u-sheet u-sheet-1\">\n        <div class=\"fr-view u-align-left u-clearfix u-rich-text u-text u-text-1\">\n          <p id=\"isPasted\">Nachdem <a class=\"u-btn u-button-link u-button-style u-text-palette-1-base u-btn-1\" href=\"https:\/\/mash-4077.de\/index.php\/mash-der-film\/\">\n              <span class=\"u-text-palette-3-light-1\">der Film MASH<\/span>\n            <\/a> ein \u00dcberraschungserfolg war, kam William Self, damaliger Pr\u00e4sident von 20th Century Fox, auf die Idee, daraus eine Serie zu entwickeln. Da das finanzielle Risiko f\u00fcr FOX gering war \u2013 ihnen geh\u00f6rten die Rechte und die Drehorte \u2013 wurde die Idee schnell vorangetrieben.\n          <\/p>\n          <p>Interesse an dem Projekt zeigten die Fernsehsender ABC und CBS. CBS war zwar skeptisch bez\u00fcglich des Konzepts der Serie (Sex, Anarchie, Gewalt usw.), stimmte jedoch dem Pilotfilm zu, noch bevor er \u00fcberhaupt gedreht war. Damit hielt man sich ABC vom Leib und sicherte sich einen der gr\u00f6\u00dften Serienerfolge der TV-Geschichte.<\/p>\n          <p>William Self setzte Gene Reynolds, der kurz zuvor von ABC entlassen worden war, als Produzenten ein. Reynolds hatte bereits an anderen Comedyserien wie Ein K\u00e4fig voller Helden mitgearbeitet.&nbsp;<\/p>\n          <p>\n            <br>\n          <\/p>\n          <p>Gemeinsam mit William Self flog Reynolds nach London, wo er seinen alten Freund Larry Gelbart \u00fcberzeugte, an der Serie mitzuwirken. Gelbart, der zuvor als Gagschreiber f\u00fcr Bob Hope gearbeitet hatte und mit ihm in Korea war, bekam das Skript des MASH-Films und <a class=\"u-btn u-button-link u-button-style u-text-palette-1-base\" href=\"https:\/\/mash-4077.de\/index.php\/buch\/\">\n              <span class=\"u-text-palette-3-light-1\">\n                <span style=\"text-decoration: underline;\">das Buch<\/span>&nbsp;\n              <\/span>\n            <\/a>von <a class=\"u-btn u-button-link u-button-style u-text-palette-1-base\" href=\"https:\/\/mash-4077.de\/index.php\/hooker\/\">\n              <span class=\"u-text-palette-3-light-1\" style=\"text-decoration: underline;\">Richard Hooker<\/span>\n            <\/a>.&nbsp;\n          <\/p>\n          <p>Zusammen entwickelten die drei die Charaktere und die Pilotfolge. Dabei entschieden sie, die Rolle des Duke Forrester ersatzlos zu streichen und stattdessen den Charakter des Frank Burns auszubauen. Gelbart arbeitete dann alleine weiter am Skript und schickte es an William Self. F\u00fcr seine Arbeit erhielt er damals beachtliche 25.000 US-Dollar.<\/p>\n          <p>\n            <br>\n          <\/p>\n          <p>Mit dem Skript war FOX jedoch nicht ganz zufrieden. Urspr\u00fcnglich war geplant, dass Hawkeye verheiratet ist und eine Aff\u00e4re mit Lt. Dish hat. Dies wurde gestrichen, da bereits Frank Burns und Hot Lips eine Aff\u00e4re hatten. Weitere \u00c4nderungen folgten. Als letzter wurde Burt Metcalfe als Co-Produzent und Casting-Verantwortlicher ins Boot geholt.<\/p>\n          <p>\n            <br>\n          <\/p>\n          <p>Der erste Schauspieler, der engagiert wurde, war Gary Burghoff. Er war der einzige Hauptdarsteller aus dem Film, der f\u00fcr die Serie angefragt wurde. Alle anderen wurden als zu bekannt und zu teuer f\u00fcr die Serie eingestuft. Burghoff \u00fcbernahm erneut die Rolle, die er im Film spielte.<\/p>\n          <p>\n            <br>\n          <\/p>\n          <p>F\u00fcr die Rolle des Trapper John sprachen \u00fcber 75 Schauspieler vor. Nachdem Burt Metcalfe die Auswahl auf sechs Kandidaten eingegrenzt hatte, entschied er sich schlie\u00dflich f\u00fcr Wayne Rogers. CBS brachte McLean Stevenson ins Spiel, der urspr\u00fcnglich die Rolle des Hawkeye spielen wollte. CBS \u00fcberzeugte ihn jedoch, Henry Blake zu spielen. Loretta Swit und Larry Linville wurden f\u00fcr die Rollen von Major Margaret Houlihan und Major Frank Burns besetzt, da Metcalfe beide vom Theater und Fernsehen kannte.<\/p>\n          <p>\n            <br>\n          <\/p>\n          <p>Knapp vier Wochen vor Drehbeginn zeigte <a class=\"u-btn u-button-link u-button-style u-text-palette-1-base\" href=\"https:\/\/mash-4077.de\/index.php\/alanalda\/\">\n              <span class=\"u-text-palette-3-light-1\">\n                <span style=\"text-decoration: underline;\">Alan Aldas<\/span>\n              <\/span>\n            <\/a> Agent Interesse an der Rolle des Hawkeye. Alda war ein bekannter Theaterschauspieler in New York, hatte jedoch Bedenken, sich langfristig an eine Serie zu binden. Freunde rieten ihm davon ab, doch seine Frau ermutigte ihn, die Rolle anzunehmen. Nachdem Alda das Drehbuch gelesen hatte, war er begeistert und stimmte zu. Ein potenzielles Problem ergab sich jedoch, da Alda noch an einem anderen TV-Film arbeitete, dessen Dreh genau einen Tag vor Beginn der MASH-Dreharbeiten enden sollte. Gl\u00fccklicherweise f\u00fchrte dies nicht zu Verz\u00f6gerungen.\n          <\/p>\n          <p>\n            <br>\n          <\/p>\n          <p>Die Au\u00dfenaufnahmen wurden, wie schon im Film, in Santa Monica, Kalifornien, gedreht. Die Innenaufnahmen fanden im Studio 9 von FOX in Beverly Hills statt. Die Pilotfolge kostete nur 250.000 US-Dollar, wobei die Hauptdarsteller jeweils 10.000 US-Dollar und die Nebendarsteller 5.000 US-Dollar erhielten. Zum Ende der Serie stiegen die Kosten pro Folge auf etwa 600.000 US-Dollar, wobei Alan Alda ein Drittel dieser Summe verdiente. CBS \u00fcbernahm einen Teil von Aldas Gehalt, wodurch er auf etwa 5 Millionen US-Dollar pro Jahr kam.<\/p>\n          <p>\n            <br>\n          <\/p>\n          <p>MASH* wurde am 17. September 1972 ausgestrahlt, was ungew\u00f6hnlich war, da Serienneustarts normalerweise zu Jahresbeginn starteten, um besser auf die Quoten reagieren zu k\u00f6nnen. Nach der Ausstrahlung der Pilotfolge hielten einige Kritiker die Serie bereits f\u00fcr gescheitert. Das Time Magazine bezeichnete MASH sogar als \"die Entt\u00e4uschung des Fernsehjahres 1972\/73\". Die Serie lag in den Einschaltquoten nur auf Rang 46 von 84. Dennoch wurden zwei zus\u00e4tzliche Episoden bestellt, und die Serie entwickelte sich zu einem der gr\u00f6\u00dften Fernseherfolge. Der endg\u00fcltige Durchbruch kam mit Folge 17, \"H\u00f6rst du die Kugel?\"<\/p>\n          <p>\n            <br>\n          <\/p>\n          <p>Zum 30. Geburtstag der Serie im Jahr 2002 wurde die zweist\u00fcndige Show \"MASH: A 30th Anniversary\" produziert. Produzent war Mike Farrell. In der Show plauderten die noch lebenden Darsteller und Produzenten, darunter auch Allan Arbus, \u00fcber die Serie. Die Show wurde am 17. Mai 2002 ausgestrahlt.&nbsp;<\/p>\n          <p>\n            <br>\n          <\/p>\n          <p>Neben Geschichten und Ausschnitten aus Folgen wurden auch Interviews mit den verstorbenen Darstellern McLean Stevenson und Larry Linville gezeigt. Zum Abschluss wurde an die verstorbenen Mitwirkenden erinnert, darunter McLean Stevenson, Larry Linville, Edward Winter und Johnny Haymer, sowie weitere Drehbuchautoren, Regisseure und Kameram\u00e4nner.<\/p>\n          <h2 style=\"text-align: left;\">\n            <br>\n          <\/h2>\n        <\/div>\n      <\/div>\n    <\/section>\n    \n    \n    \n    \n  \n<\/div>","protected":false},"excerpt":{"rendered":"<p>Die Entsehung der Serie Nachdem der Film MASH ein \u00dcberraschungserfolg war, kam William Self, damaliger Pr\u00e4sident von 20th Century Fox, auf die Idee, daraus eine Serie zu entwickeln. Da das finanzielle Risiko f\u00fcr FOX gering war \u2013 ihnen geh\u00f6rten die Rechte und die Drehorte \u2013 wurde die Idee schnell vorangetrieben. Interesse an dem Projekt zeigten [&hellip;]<\/p>\n","protected":false},"author":1,"featured_media":0,"parent":0,"menu_order":0,"comment_status":"closed","ping_status":"closed","template":"","meta":{"footnotes":""},"class_list":["post-187","page","type-page","status-publish","hentry"],"_links":{"self":[{"href":"https:\/\/mash-4077.de\/index.php\/wp-json\/wp\/v2\/pages\/187","targetHints":{"allow":["GET"]}}],"collection":[{"href":"https:\/\/mash-4077.de\/index.php\/wp-json\/wp\/v2\/pages"}],"about":[{"href":"https:\/\/mash-4077.de\/index.php\/wp-json\/wp\/v2\/types\/page"}],"author":[{"embeddable":true,"href":"https:\/\/mash-4077.de\/index.php\/wp-json\/wp\/v2\/users\/1"}],"replies":[{"embeddable":true,"href":"https:\/\/mash-4077.de\/index.php\/wp-json\/wp\/v2\/comments?post=187"}],"version-history":[{"count":5,"href":"https:\/\/mash-4077.de\/index.php\/wp-json\/wp\/v2\/pages\/187\/revisions"}],"predecessor-version":[{"id":314,"href":"https:\/\/mash-4077.de\/index.php\/wp-json\/wp\/v2\/pages\/187\/revisions\/314"}],"wp:attachment":[{"href":"https:\/\/mash-4077.de\/index.php\/wp-json\/wp\/v2\/media?parent=187"}],"curies":[{"name":"wp","href":"https:\/\/api.w.org\/{rel}","templated":true}]}}