{"id":186,"date":"2024-10-07T13:16:19","date_gmt":"2024-10-07T11:16:19","guid":{"rendered":"http:\/\/mash-4077.de\/?page_id=186"},"modified":"2024-10-08T10:21:31","modified_gmt":"2024-10-08T08:21:31","slug":"titelmelodie","status":"publish","type":"page","link":"https:\/\/mash-4077.de\/index.php\/titelmelodie\/","title":{"rendered":"M*A*S*H: die Titelmelodie"},"content":{"rendered":"<div class=\"\" style=\"\" >\n    \n    <section class=\"u-align-center u-clearfix u-container-align-center u-custom-color-4 u-section-2\" id=\"sec-367c\">\n      <div class=\"u-clearfix u-sheet u-valign-middle u-sheet-1\">\n        <h3 class=\"u-align-center u-text u-text-default u-text-1\">oooops- da hat Radar die Papiere noch nicht fertig<br>\n          <br>\n          <span style=\"font-size: 1.9rem;\">die Seite kommt noch! <\/span>\n        <\/h3>\n      <\/div>\n    <\/section>\n    <section class=\"u-align-left u-clearfix u-container-align-center u-container-align-left u-custom-color-4 u-section-3\" id=\"sec-ca6f\">\n      <div class=\"u-clearfix u-sheet u-sheet-1\">\n        <div class=\"fr-view u-align-center u-clearfix u-rich-text u-text u-text-1\">\n          <h3 style=\"text-align: left;\">\n            <br>\n          <\/h3>\n          <p style=\"text-align: left;\">\"MASH: A Novel About Three Army Doctors\" von Richard Hooker (H. Richard Hornberger) und W.C. Heinz erz\u00e4hlt die Geschichte eines mobilen Armeekrankenhauses (Mobile Army Surgical Hospital \u2013 MASH) w\u00e4hrend des Koreakriegs.<br id=\"isPasted\">\n            <br>Der Roman konzentriert sich auf drei talentierte, aber respektlose Chirurgen \u2013 Hawkeye Pierce, Trapper John McIntyre, und Duke Forrest \u2013 die inmitten der Schrecken des Krieges arbeiten und dabei versuchen, ihren Alltag mit Humor, Sarkasmus und Rebellion zu \u00fcberstehen.<br>Im Buch wird das chirurgische K\u00f6nnen der Protagonisten hervorgehoben, ebenso wie ihre Tendenz, milit\u00e4rische Regeln zu brechen und sich gegen<img decoding=\"async\" align=\"center\" style=\"width: 382px;\" class=\"fr-dii fr-fic fr-fil\" src=\"https:\/\/mash-4077.de\/wp-content\/uploads\/2024\/10\/Screenshot2024-10-04185542.png\" width=\"570\"> das strikte Milit\u00e4rsystem zu stellen. Sie setzen auf unkonventionelle Methoden, um die schwierige Situation im Lager ertr\u00e4glicher zu machen.<br>Humor ist ihre wichtigste Waffe, um den emotionalen und psychischen Belastungen des Krieges zu trotzen.Der Roman enth\u00e4lt viele komische und absurde Episoden, in denen die \u00c4rzte ihre Vorgesetzten auf die Schippe nehmen, trinken und sich in Streiche und chaotische Aktionen verwickeln.<br>Aber neben dem Humor zeigt das Buch auch die ernste Seite des Krieges, die st\u00e4ndige Konfrontation mit dem Tod und die moralischen Dilemmata, die die \u00c4rzte erleben.\n          <\/p>\n          <p style=\"text-align: left;\">\n            <br>Insgesamt vermittelt der Roman eine Mischung aus schwarzem Humor und Kriegsdrama und kritisiert sowohl den Krieg als auch die b\u00fcrokratische Starrheit des Milit\u00e4rs. <span style=\"line-height: 2.0;\">&nbsp;<\/span>\n          <\/p>\n          <h2 style=\"text-align: left;\">\n            <br>\n          <\/h2>\n        <\/div>\n      <\/div>\n    <\/section>\n    \n    \n    \n    \n  \n<\/div>","protected":false},"excerpt":{"rendered":"<p>oooops- da hat Radar die Papiere noch nicht fertig die Seite kommt noch! &#8222;MASH: A Novel About Three Army Doctors&#8220; von Richard Hooker (H. Richard Hornberger) und W.C. Heinz erz\u00e4hlt die Geschichte eines mobilen Armeekrankenhauses (Mobile Army Surgical Hospital \u2013 MASH) w\u00e4hrend des Koreakriegs. Der Roman konzentriert sich auf drei talentierte, aber respektlose Chirurgen \u2013 [&hellip;]<\/p>\n","protected":false},"author":1,"featured_media":0,"parent":0,"menu_order":0,"comment_status":"closed","ping_status":"closed","template":"","meta":{"footnotes":""},"class_list":["post-186","page","type-page","status-publish","hentry"],"_links":{"self":[{"href":"https:\/\/mash-4077.de\/index.php\/wp-json\/wp\/v2\/pages\/186","targetHints":{"allow":["GET"]}}],"collection":[{"href":"https:\/\/mash-4077.de\/index.php\/wp-json\/wp\/v2\/pages"}],"about":[{"href":"https:\/\/mash-4077.de\/index.php\/wp-json\/wp\/v2\/types\/page"}],"author":[{"embeddable":true,"href":"https:\/\/mash-4077.de\/index.php\/wp-json\/wp\/v2\/users\/1"}],"replies":[{"embeddable":true,"href":"https:\/\/mash-4077.de\/index.php\/wp-json\/wp\/v2\/comments?post=186"}],"version-history":[{"count":3,"href":"https:\/\/mash-4077.de\/index.php\/wp-json\/wp\/v2\/pages\/186\/revisions"}],"predecessor-version":[{"id":260,"href":"https:\/\/mash-4077.de\/index.php\/wp-json\/wp\/v2\/pages\/186\/revisions\/260"}],"wp:attachment":[{"href":"https:\/\/mash-4077.de\/index.php\/wp-json\/wp\/v2\/media?parent=186"}],"curies":[{"name":"wp","href":"https:\/\/api.w.org\/{rel}","templated":true}]}}